{"id":602,"date":"2024-02-21T18:01:14","date_gmt":"2024-02-21T18:01:14","guid":{"rendered":"https:\/\/e-smartmobility.nl\/contact\/"},"modified":"2025-12-19T06:24:47","modified_gmt":"2025-12-19T06:24:47","slug":"contact","status":"publish","type":"page","link":"https:\/\/e-smartmobility.nl\/fr\/contact\/","title":{"rendered":"Contact"},"content":{"rendered":"\t\t<div data-elementor-type=\"wp-page\" data-elementor-id=\"602\" class=\"elementor elementor-602 elementor-26\" data-elementor-post-type=\"page\">\n\t\t\t\t<div class=\"elementor-element elementor-element-8d95c82 e-flex e-con-boxed e-con e-parent\" data-id=\"8d95c82\" data-element_type=\"container\" data-e-type=\"container\" data-settings=\"{&quot;background_background&quot;:&quot;classic&quot;}\">\n\t\t\t\t\t<div class=\"e-con-inner\">\n\t\t\t\t\t<\/div>\n\t\t\t\t<\/div>\n\t\t<div class=\"elementor-element elementor-element-89c1492 e-flex e-con-boxed e-con e-parent\" data-id=\"89c1492\" data-element_type=\"container\" data-e-type=\"container\">\n\t\t\t\t\t<div class=\"e-con-inner\">\n\t\t<div class=\"elementor-element elementor-element-3df0611 e-con-full e-flex e-con e-child\" data-id=\"3df0611\" data-element_type=\"container\" data-e-type=\"container\">\n\t\t\t\t<div class=\"elementor-element elementor-element-0d0f981 elementor-position-inline-start elementor-view-stacked elementor-widget-mobile__width-initial elementor-shape-circle elementor-mobile-position-block-start elementor-widget elementor-widget-icon-box\" data-id=\"0d0f981\" data-element_type=\"widget\" data-e-type=\"widget\" data-widget_type=\"icon-box.default\">\n\t\t\t\t<div class=\"elementor-widget-container\">\n\t\t\t\t\t\t\t<div class=\"elementor-icon-box-wrapper\">\n\n\t\t\t\t\t\t<div class=\"elementor-icon-box-icon\">\n\t\t\t\t<span  class=\"elementor-icon\">\n\t\t\t\t<svg xmlns=\"http:\/\/www.w3.org\/2000\/svg\" id=\"Laag_2\" data-name=\"Laag 2\" viewBox=\"0 0 762.17 870.88\"><defs><style>      .cls-1 {        stroke-width: 0px;      }    <\/style><\/defs><g id=\"Laag_1-2\" data-name=\"Laag 1\"><g><path class=\"cls-1\" d=\"m730.41,442.8c-.93-46.5-3.16-92.96-9.47-139.09-1.53-11.21-3.28-22.38-5.32-33.47l-30.23,62.95c2.72,25.12,4.39,50.33,5.27,75.62.93,27,1.72,54,1.9,81.01.03,4.04-.98,6.3-5.08,7.96-16.91,6.87-33.98,13.15-51.24,18.81-181.56,55.59-433.49,48.12-597.22-22.41-.56-1.18-.74-2.6-.73-4.36.17-27.01.97-54.01,1.9-81.01,1.19-34.48,3.85-68.82,8.64-102.98,4.08-29.1,6.72-41.1,16.21-68.99,1.21-3.54,3.4-4.56,6.55-6.68,14.7-5.65,27.91-11.52,40.34-15.3,65.76-20.01,133-30.78,201.77-31.76h38.4c24.28-.1,46.03-.32,60.09-.1,1.78.02,3.44.06,4.96.1,37.49.54,74.52,4,111.11,10.27l6.22-31.65c-14.59-2.57-29.27-4.72-44.05-6.41-13.2-1.51-26.41-2.71-39.64-3.54h-.09l-43.9-.35c.76-.66,1.69-1.03,2.83-1.02,7.48.02,14.95.16,22.41.44-18.76-.93-75.51-3.47-125.87-.23,5.01-.13,10.02-.2,15.04-.21.66-.01,1.25.11,1.77.35l-16.81-.14h-.06c-21.96.56-43.84,2.19-65.69,4.7-41.96,4.8-83.16,13.21-123.72,24.87-11.82,3.4-23.56,7.08-36.38,10.94,14.3-29.4,33.12-53.41,59.87-70.71,35.48-22.94,75.53-30.65,116.62-34.68,16.93-1.65,33.91-2.49,50.91-2.62.34-.01.73-.01,1.16-.01,3.03-.03,8.42-.06,15.5-.08,19.37-.08,51.37-.16,82.28.03,2.53.02,5.05.04,7.56.06h.48c19.82-.13,39.61.69,59.33,2.62,24.86,2.44,49.33,6.23,72.64,13.92l7.43-37.79c-30.94-9.01-62.58-13.52-94.67-15.53-11.61-.72-23.22-1.27-34.84-1.66h-118.48c-11.58.39-23.14.94-34.7,1.66-32.13,2.02-63.8,6.53-94.77,15.56-62.86,18.31-107.96,56.87-134.46,117.02-17.57,39.87-26.42,81.97-32.28,124.8C3.59,349.84,1.36,396.3.43,442.8c-.76,38.27-.62,76.55,1.2,114.8.89,18.89,1.98,37.78,3.64,56.62,2.99,33.92,6.75,67.76,12.68,101.32,4.8,27.16,9.92,54.24,19.78,80.14,5.54,14.58,10.54,17.93,26.1,17.93,53.28.01,106.56.01,159.85,0,32.36,0,64.73-.09,97.09.1h89.3c32.37-.19,64.73-.1,97.1-.1,53.28.01,106.57.01,159.85,0,15.56,0,20.55-3.35,26.1-17.93,9.85-25.9,14.98-52.98,19.77-80.14,5.94-33.56,9.7-67.4,12.68-101.32,1.66-18.84,2.75-37.73,3.65-56.62,1.81-38.25,1.96-76.53,1.19-114.8Zm-40.55,128.37c-.51,13.76-1.97,27.49-3.01,41.24-2.74,35.94-7.28,71.65-13.71,107.12-3.03,16.67-6.86,33.14-11.32,49.48-1.27,4.65-3.47,5.96-8.26,5.95-80.91-.16-161.83-.05-242.74-.25h-90.8c-80.91.2-161.82.09-242.74.25-4.78.01-6.99-1.3-8.26-5.95-4.46-16.34-8.29-32.81-11.31-49.48-6.44-35.47-10.98-71.18-13.71-107.12-1.05-13.75-2.5-27.48-3.02-41.24-.67-17.79-2.28-35.58-1.54-54.02,0-.11.01-.22.01-.33,11.46,4.26,22.11,8.35,32.85,12.17,12.86,4.58,25.81,8.8,38.85,12.67.04.01.08.02.12.03,37.28,11.06,75.28,19.21,113.94,24.6,26.91,3.75,53.98,5.56,81.1,6.55,19.94,1.12,40.15,1.69,60.54,1.69,2.62,0,5.24-.01,7.86-.03,20.29-.14,40.42-.84,60.33-2.09,23.6-1.06,47.16-2.85,70.59-6.12,17.71-2.47,35.29-5.52,52.72-9.16,49.1-9.31,93.77-21.96,133.14-37.7.52,17.63-.99,34.68-1.63,51.74Z\"><\/path><path class=\"cls-1\" d=\"m185.87,832.59c-16.96.39-33.94.14-50.91.14s-34.73.18-52.09-.12c-4.84-.08-6.17,1.5-5.82,6.04.35,4.51,0,9.07.1,13.61.23,10.33,8.12,18.47,18.41,18.52,26.05.13,52.09.13,78.14,0,10.32-.05,18.19-8.13,18.44-18.48.1-4.34-.29-8.71.12-13.01.48-5.04-.94-6.82-6.39-6.69Z\"><\/path><path class=\"cls-1\" d=\"m134.63,632.51c-.1-11.79-7.73-20.22-18.45-20.56-11.36-.36-19.92,7.33-20.18,19.34-.41,19.13-.41,38.28,0,57.41.25,11.42,9.27,19.59,19.87,19.22,10.86-.38,18.63-8.74,18.75-20.36.1-9.07.02-18.15.02-27.23,0-9.27.07-18.55-.02-27.82Z\"><\/path><path class=\"cls-1\" d=\"m594.64,687.55c.13,11.62,7.9,19.98,18.75,20.36,10.59.37,19.61-7.8,19.87-19.22.42-19.13.42-38.28,0-57.41-.26-12.01-8.83-19.7-20.18-19.34-10.72.34-18.34,8.77-18.45,20.56-.08,9.27-.02,18.55-.02,27.82,0,9.08-.08,18.15.02,27.23Z\"><\/path><path class=\"cls-1\" d=\"m647.98,832.61c-17.36.3-34.73.12-52.09.12s-33.94.24-50.91-.14c-5.45-.12-6.87,1.65-6.39,6.69.41,4.3.01,8.68.12,13.01.25,10.35,8.12,18.43,18.44,18.48,26.05.13,52.09.13,78.14,0,10.29-.05,18.18-8.18,18.41-18.52.1-4.54-.25-9.1.1-13.61.35-4.54-.98-6.12-5.82-6.04Z\"><\/path><polygon class=\"cls-1\" points=\"662.81 134.46 644.51 137.02 649.73 118.87 683.89 0 589.53 0 575.91 69.31 568.29 108.13 556.91 166.02 550.71 197.58 545.54 223.89 615.86 213.96 646.71 209.6 643.8 224.02 593.92 470.95 679.94 291.79 707.64 234.1 762.17 120.53 662.81 134.46\"><\/polygon><\/g><\/g><\/svg>\t\t\t\t<\/span>\n\t\t\t<\/div>\n\t\t\t\n\t\t\t\t\t\t<div class=\"elementor-icon-box-content\">\n\n\t\t\t\t\t\t\t\t\t<span class=\"elementor-icon-box-title\">\n\t\t\t\t\t\t<span  >\n\t\t\t\t\t\t\tContactez-nous\t\t\t\t\t\t<\/span>\n\t\t\t\t\t<\/span>\n\t\t\t\t\n\t\t\t\t\n\t\t\t<\/div>\n\t\t\t\n\t\t<\/div>\n\t\t\t\t\t\t<\/div>\n\t\t\t\t<\/div>\n\t\t\t\t<div class=\"elementor-element elementor-element-3a22629 elementor-widget-tablet__width-initial elementor-widget elementor-widget-heading\" data-id=\"3a22629\" data-element_type=\"widget\" data-e-type=\"widget\" data-widget_type=\"heading.default\">\n\t\t\t\t<div class=\"elementor-widget-container\">\n\t\t\t\t\t<h2 class=\"elementor-heading-title elementor-size-default\">Conseils personnalis\u00e9s sur les navettes \u00e9lectriques<\/h2>\t\t\t\t<\/div>\n\t\t\t\t<\/div>\n\t\t\t\t<div class=\"elementor-element elementor-element-df36cd4 elementor-widget-tablet__width-initial elementor-widget elementor-widget-text-editor\" data-id=\"df36cd4\" data-element_type=\"widget\" data-e-type=\"widget\" data-widget_type=\"text-editor.default\">\n\t\t\t\t<div class=\"elementor-widget-container\">\n\t\t\t\t\t\t\t\t\t<p>Pour toute question ou pour nous contacter au sujet de nos navettes \u00e9lectriques et de nos trains touristiques personnalis\u00e9s, E-SmartMobility est la bonne adresse. Nous prenons en charge l&rsquo;ensemble du processus, de l&rsquo;achat \u00e0 la livraison, o\u00f9 que vous soyez en Europe.<\/p>\n\t\t\t\t\t\t\t\t<\/div>\n\t\t\t\t<\/div>\n\t\t\t\t<div class=\"elementor-element elementor-element-274c8c5 elementor-widget-divider--view-line elementor-widget elementor-widget-divider\" data-id=\"274c8c5\" data-element_type=\"widget\" data-e-type=\"widget\" data-widget_type=\"divider.default\">\n\t\t\t\t<div class=\"elementor-widget-container\">\n\t\t\t\t\t\t\t<div class=\"elementor-divider\">\n\t\t\t<span class=\"elementor-divider-separator\">\n\t\t\t\t\t\t<\/span>\n\t\t<\/div>\n\t\t\t\t\t\t<\/div>\n\t\t\t\t<\/div>\n\t\t\t\t<div class=\"elementor-element elementor-element-55b0008 elementor-widget elementor-widget-heading\" data-id=\"55b0008\" data-element_type=\"widget\" data-e-type=\"widget\" data-widget_type=\"heading.default\">\n\t\t\t\t<div class=\"elementor-widget-container\">\n\t\t\t\t\t<h4 class=\"elementor-heading-title elementor-size-default\">E-Smart<span style=\"font-weight:200\">mobility<\/span><\/h4>\t\t\t\t<\/div>\n\t\t\t\t<\/div>\n\t\t\t\t<\/div>\n\t\t<div class=\"elementor-element elementor-element-9c62745 e-con-full e-flex e-con e-child\" data-id=\"9c62745\" data-element_type=\"container\" data-e-type=\"container\" data-settings=\"{&quot;background_background&quot;:&quot;classic&quot;}\">\n\t\t\t\t<div class=\"elementor-element elementor-element-7286ad3 elementor-widget__width-inherit elementor-widget elementor-widget-heading\" data-id=\"7286ad3\" data-element_type=\"widget\" data-e-type=\"widget\" data-widget_type=\"heading.default\">\n\t\t\t\t<div class=\"elementor-widget-container\">\n\t\t\t\t\t<h3 class=\"elementor-heading-title elementor-size-default\">Remplissez le formulaire ci-dessous et notre \u00e9quipe sera pr\u00eate \u00e0 vous aider !<\/h3>\t\t\t\t<\/div>\n\t\t\t\t<\/div>\n\t\t\t\t<div class=\"elementor-element elementor-element-0028780 elementor-button-align-start elementor-mobile-button-align-center elementor-widget elementor-widget-form\" data-id=\"0028780\" data-element_type=\"widget\" data-e-type=\"widget\" data-settings=\"{&quot;step_next_label&quot;:&quot;Next&quot;,&quot;step_previous_label&quot;:&quot;Previous&quot;,&quot;button_width&quot;:&quot;100&quot;,&quot;step_type&quot;:&quot;number_text&quot;,&quot;step_icon_shape&quot;:&quot;circle&quot;}\" data-widget_type=\"form.default\">\n\t\t\t\t<div class=\"elementor-widget-container\">\n\t\t\t\t\t\t\t<form class=\"elementor-form\" method=\"post\" name=\"Contact\" aria-label=\"Contact\" novalidate=\"\">\n\t\t\t<input type=\"hidden\" name=\"post_id\" value=\"602\"\/>\n\t\t\t<input type=\"hidden\" name=\"form_id\" value=\"0028780\"\/>\n\t\t\t<input type=\"hidden\" name=\"referer_title\" value=\"E-Smartmobility\" \/>\n\n\t\t\t\n\t\t\t<div class=\"elementor-form-fields-wrapper elementor-labels-\">\n\t\t\t\t\t\t\t\t<div class=\"elementor-field-type-text elementor-field-group elementor-column elementor-field-group-name elementor-col-100 elementor-field-required\">\n\t\t\t\t\t\t\t\t\t\t\t\t<label for=\"form-field-name\" class=\"elementor-field-label elementor-screen-only\">\n\t\t\t\t\t\t\t\tNaam\t\t\t\t\t\t\t<\/label>\n\t\t\t\t\t\t\t\t\t\t\t\t\t\t<input size=\"1\" type=\"text\" name=\"form_fields[name]\" id=\"form-field-name\" class=\"elementor-field elementor-size-md  elementor-field-textual\" placeholder=\"Nom *\" required=\"required\">\n\t\t\t\t\t\t\t\t\t\t\t<\/div>\n\t\t\t\t\t\t\t\t<div class=\"elementor-field-type-text elementor-field-group elementor-column elementor-field-group-field_f2508d5 elementor-col-100 elementor-field-required\">\n\t\t\t\t\t\t\t\t\t\t\t\t<label for=\"form-field-field_f2508d5\" class=\"elementor-field-label elementor-screen-only\">\n\t\t\t\t\t\t\t\tAdres\t\t\t\t\t\t\t<\/label>\n\t\t\t\t\t\t\t\t\t\t\t\t\t\t<input size=\"1\" type=\"text\" name=\"form_fields[field_f2508d5]\" id=\"form-field-field_f2508d5\" class=\"elementor-field elementor-size-md  elementor-field-textual\" placeholder=\"Num\u00e9ro de rue et de maison *\" required=\"required\">\n\t\t\t\t\t\t\t\t\t\t\t<\/div>\n\t\t\t\t\t\t\t\t<div class=\"elementor-field-type-text elementor-field-group elementor-column elementor-field-group-field_bb11274 elementor-col-66 elementor-field-required\">\n\t\t\t\t\t\t\t\t\t\t\t\t<label for=\"form-field-field_bb11274\" class=\"elementor-field-label elementor-screen-only\">\n\t\t\t\t\t\t\t\tWoonplaats\t\t\t\t\t\t\t<\/label>\n\t\t\t\t\t\t\t\t\t\t\t\t\t\t<input size=\"1\" type=\"text\" name=\"form_fields[field_bb11274]\" id=\"form-field-field_bb11274\" class=\"elementor-field elementor-size-md  elementor-field-textual\" placeholder=\"Commune et code postal *\" required=\"required\">\n\t\t\t\t\t\t\t\t\t\t\t<\/div>\n\t\t\t\t\t\t\t\t<div class=\"elementor-field-type-text elementor-field-group elementor-column elementor-field-group-field_1422835 elementor-col-33 elementor-field-required\">\n\t\t\t\t\t\t\t\t\t\t\t\t<label for=\"form-field-field_1422835\" class=\"elementor-field-label elementor-screen-only\">\n\t\t\t\t\t\t\t\tLand\t\t\t\t\t\t\t<\/label>\n\t\t\t\t\t\t\t\t\t\t\t\t\t\t<input size=\"1\" type=\"text\" name=\"form_fields[field_1422835]\" id=\"form-field-field_1422835\" class=\"elementor-field elementor-size-md  elementor-field-textual\" placeholder=\"Pays *\" required=\"required\">\n\t\t\t\t\t\t\t\t\t\t\t<\/div>\n\t\t\t\t\t\t\t\t<div class=\"elementor-field-type-tel elementor-field-group elementor-column elementor-field-group-field_0f90d6a elementor-col-50\">\n\t\t\t\t\t\t\t\t\t\t\t\t<label for=\"form-field-field_0f90d6a\" class=\"elementor-field-label elementor-screen-only\">\n\t\t\t\t\t\t\t\tTelefoon\t\t\t\t\t\t\t<\/label>\n\t\t\t\t\t\t\t\t<input size=\"1\" type=\"tel\" name=\"form_fields[field_0f90d6a]\" id=\"form-field-field_0f90d6a\" class=\"elementor-field elementor-size-md  elementor-field-textual\" placeholder=\"T\u00e9l\u00e9phone\" pattern=\"[0-9()#&amp;+*-=.]+\" title=\"Only numbers and phone characters (#, -, *, etc) are accepted.\">\n\n\t\t\t\t\t\t<\/div>\n\t\t\t\t\t\t\t\t<div class=\"elementor-field-type-email elementor-field-group elementor-column elementor-field-group-email elementor-col-50 elementor-field-required\">\n\t\t\t\t\t\t\t\t\t\t\t\t<label for=\"form-field-email\" class=\"elementor-field-label elementor-screen-only\">\n\t\t\t\t\t\t\t\tE-mail\t\t\t\t\t\t\t<\/label>\n\t\t\t\t\t\t\t\t\t\t\t\t\t\t<input size=\"1\" type=\"email\" name=\"form_fields[email]\" id=\"form-field-email\" class=\"elementor-field elementor-size-md  elementor-field-textual\" placeholder=\"E-mail *\" required=\"required\">\n\t\t\t\t\t\t\t\t\t\t\t<\/div>\n\t\t\t\t\t\t\t\t<div class=\"elementor-field-type-textarea elementor-field-group elementor-column elementor-field-group-message elementor-col-100 elementor-field-required\">\n\t\t\t\t\t\t\t\t\t\t\t\t<label for=\"form-field-message\" class=\"elementor-field-label elementor-screen-only\">\n\t\t\t\t\t\t\t\tBericht\t\t\t\t\t\t\t<\/label>\n\t\t\t\t\t\t<textarea class=\"elementor-field-textual elementor-field  elementor-size-md\" name=\"form_fields[message]\" id=\"form-field-message\" rows=\"4\" placeholder=\"Votre message *\" required=\"required\"><\/textarea>\t\t\t\t<\/div>\n\t\t\t\t\t\t\t\t<div class=\"elementor-field-type-text\">\n\t\t\t\t\t<input size=\"1\" type=\"text\" name=\"form_fields[field_9bc0425]\" id=\"form-field-field_9bc0425\" class=\"elementor-field elementor-size-md \" style=\"display:none !important;\">\t\t\t\t<\/div>\n\t\t\t\t\t\t\t\t<div class=\"elementor-field-type-recaptcha elementor-field-group elementor-column elementor-field-group-field_be64346 elementor-col-100\">\n\t\t\t\t\t<div class=\"elementor-field\" id=\"form-field-field_be64346\"><div class=\"elementor-g-recaptcha\" data-sitekey=\"6Ld7xYIpAAAAACOTiwfnNfpBHS7t2Iemd17hcCSb\" data-type=\"v2_checkbox\" data-theme=\"light\" data-size=\"normal\"><\/div><\/div>\t\t\t\t<\/div>\n\t\t\t\t\t\t\t\t<div class=\"elementor-field-group elementor-column elementor-field-type-submit elementor-col-100 e-form__buttons\">\n\t\t\t\t\t<button class=\"elementor-button elementor-size-md\" type=\"submit\">\n\t\t\t\t\t\t<span class=\"elementor-button-content-wrapper\">\n\t\t\t\t\t\t\t\t\t\t\t\t\t\t\t\t\t\t\t\t\t\t<span class=\"elementor-button-text\">Envoyer<\/span>\n\t\t\t\t\t\t\t\t\t\t\t\t\t<\/span>\n\t\t\t\t\t<\/button>\n\t\t\t\t<\/div>\n\t\t\t<\/div>\n\t\t<\/form>\n\t\t\t\t\t\t<\/div>\n\t\t\t\t<\/div>\n\t\t\t\t<\/div>\n\t\t\t\t\t<\/div>\n\t\t\t\t<\/div>\n\t\t<div class=\"elementor-element elementor-element-b1839d6 e-con-full e-flex e-con e-parent\" data-id=\"b1839d6\" data-element_type=\"container\" data-e-type=\"container\">\n\t\t\t\t<div class=\"elementor-element elementor-element-edcccf4 elementor-widget elementor-widget-google_maps\" data-id=\"edcccf4\" data-element_type=\"widget\" data-e-type=\"widget\" data-widget_type=\"google_maps.default\">\n\t\t\t\t<div class=\"elementor-widget-container\">\n\t\t\t\t\t\t\t<div class=\"elementor-custom-embed\">\n\t\t\t<iframe loading=\"lazy\"\n\t\t\t\t\tsrc=\"https:\/\/maps.google.com\/maps?q=E-smartmobility%2C%20Dokweg%205%20%204511%2C%20Pw%20Breskens&#038;t=m&#038;z=16&#038;output=embed&#038;iwloc=near\"\n\t\t\t\t\ttitle=\"E-smartmobility, Dokweg 5  4511, Pw Breskens\"\n\t\t\t\t\taria-label=\"E-smartmobility, Dokweg 5  4511, Pw Breskens\"\n\t\t\t><\/iframe>\n\t\t<\/div>\n\t\t\t\t\t\t<\/div>\n\t\t\t\t<\/div>\n\t\t\t\t<\/div>\n\t\t\t\t<\/div>\n\t\t","protected":false},"excerpt":{"rendered":"<p>Contactez-nous Conseils personnalis\u00e9s sur les navettes \u00e9lectriques Pour toute question ou pour nous contacter au sujet de nos navettes \u00e9lectriques et de nos trains touristiques personnalis\u00e9s, E-SmartMobility est la bonne adresse. Nous prenons en charge l&rsquo;ensemble du processus, de l&rsquo;achat \u00e0 la livraison, o\u00f9 que vous soyez en Europe. E-Smartmobility Remplissez le formulaire ci-dessous et [&hellip;]<\/p>\n","protected":false},"author":1,"featured_media":0,"parent":0,"menu_order":0,"comment_status":"closed","ping_status":"closed","template":"","meta":{"footnotes":""},"class_list":["post-602","page","type-page","status-publish","hentry"],"yoast_head":"<!-- This site is optimized with the Yoast SEO plugin v27.0 - https:\/\/yoast.com\/product\/yoast-seo-wordpress\/ -->\n<title>Contactez E-Smartmobility pour des solutions de mobilit\u00e9 \u00e9lectrique<\/title>\n<meta name=\"description\" content=\"Vous avez des questions ou souhaitez en savoir plus sur nos solutions de mobilit\u00e9 \u00e9lectrique ? N&#039;h\u00e9sitez pas \u00e0 contacter E-Smartmobility.\" \/>\n<meta name=\"robots\" content=\"index, follow, max-snippet:-1, max-image-preview:large, max-video-preview:-1\" \/>\n<link rel=\"canonical\" href=\"https:\/\/e-smartmobility.nl\/fr\/contact\/\" \/>\n<meta property=\"og:locale\" content=\"fr_FR\" \/>\n<meta property=\"og:type\" content=\"article\" \/>\n<meta property=\"og:title\" content=\"Contactez E-Smartmobility pour des solutions de mobilit\u00e9 \u00e9lectrique\" \/>\n<meta property=\"og:description\" content=\"Vous avez des questions ou souhaitez en savoir plus sur nos solutions de mobilit\u00e9 \u00e9lectrique ? N&#039;h\u00e9sitez pas \u00e0 contacter E-Smartmobility.\" \/>\n<meta property=\"og:url\" content=\"https:\/\/e-smartmobility.nl\/fr\/contact\/\" \/>\n<meta property=\"og:site_name\" content=\"E-Smartmobility\" \/>\n<meta property=\"article:modified_time\" content=\"2025-12-19T06:24:47+00:00\" \/>\n<meta property=\"og:image\" content=\"https:\/\/e-smartmobility.nl\/wp-content\/uploads\/2024\/02\/esmartmobility_logo_1.png\" \/>\n\t<meta property=\"og:image:width\" content=\"600\" \/>\n\t<meta property=\"og:image:height\" content=\"648\" \/>\n\t<meta property=\"og:image:type\" content=\"image\/png\" \/>\n<meta name=\"twitter:card\" content=\"summary_large_image\" \/>\n<meta name=\"twitter:label1\" content=\"Dur\u00e9e de lecture est.\" \/>\n\t<meta name=\"twitter:data1\" content=\"1 minute\" \/>\n<script type=\"application\/ld+json\" class=\"yoast-schema-graph\">{\"@context\":\"https:\/\/schema.org\",\"@graph\":[{\"@type\":\"WebPage\",\"@id\":\"https:\/\/e-smartmobility.nl\/fr\/contact\/\",\"url\":\"https:\/\/e-smartmobility.nl\/fr\/contact\/\",\"name\":\"Contactez E-Smartmobility pour des solutions de mobilit\u00e9 \u00e9lectrique\",\"isPartOf\":{\"@id\":\"https:\/\/e-smartmobility.nl\/fr\/#website\"},\"datePublished\":\"2024-02-21T18:01:14+00:00\",\"dateModified\":\"2025-12-19T06:24:47+00:00\",\"description\":\"Vous avez des questions ou souhaitez en savoir plus sur nos solutions de mobilit\u00e9 \u00e9lectrique ? N'h\u00e9sitez pas \u00e0 contacter E-Smartmobility.\",\"breadcrumb\":{\"@id\":\"https:\/\/e-smartmobility.nl\/fr\/contact\/#breadcrumb\"},\"inLanguage\":\"fr-BE\",\"potentialAction\":[{\"@type\":\"ReadAction\",\"target\":[\"https:\/\/e-smartmobility.nl\/fr\/contact\/\"]}]},{\"@type\":\"BreadcrumbList\",\"@id\":\"https:\/\/e-smartmobility.nl\/fr\/contact\/#breadcrumb\",\"itemListElement\":[{\"@type\":\"ListItem\",\"position\":1,\"name\":\"Home\",\"item\":\"https:\/\/e-smartmobility.nl\/fr\/\"},{\"@type\":\"ListItem\",\"position\":2,\"name\":\"Contact\"}]},{\"@type\":\"WebSite\",\"@id\":\"https:\/\/e-smartmobility.nl\/fr\/#website\",\"url\":\"https:\/\/e-smartmobility.nl\/fr\/\",\"name\":\"E-Smartmobility\",\"description\":\"\",\"publisher\":{\"@id\":\"https:\/\/e-smartmobility.nl\/fr\/#organization\"},\"potentialAction\":[{\"@type\":\"SearchAction\",\"target\":{\"@type\":\"EntryPoint\",\"urlTemplate\":\"https:\/\/e-smartmobility.nl\/fr\/?s={search_term_string}\"},\"query-input\":{\"@type\":\"PropertyValueSpecification\",\"valueRequired\":true,\"valueName\":\"search_term_string\"}}],\"inLanguage\":\"fr-BE\"},{\"@type\":\"Organization\",\"@id\":\"https:\/\/e-smartmobility.nl\/fr\/#organization\",\"name\":\"E-Smartmobility\",\"url\":\"https:\/\/e-smartmobility.nl\/fr\/\",\"logo\":{\"@type\":\"ImageObject\",\"inLanguage\":\"fr-BE\",\"@id\":\"https:\/\/e-smartmobility.nl\/fr\/#\/schema\/logo\/image\/\",\"url\":\"https:\/\/e-smartmobility.nl\/wp-content\/uploads\/2024\/02\/esmartmobility_logo_1.png\",\"contentUrl\":\"https:\/\/e-smartmobility.nl\/wp-content\/uploads\/2024\/02\/esmartmobility_logo_1.png\",\"width\":600,\"height\":648,\"caption\":\"E-Smartmobility\"},\"image\":{\"@id\":\"https:\/\/e-smartmobility.nl\/fr\/#\/schema\/logo\/image\/\"}}]}<\/script>\n<!-- \/ Yoast SEO plugin. -->","yoast_head_json":{"title":"Contactez E-Smartmobility pour des solutions de mobilit\u00e9 \u00e9lectrique","description":"Vous avez des questions ou souhaitez en savoir plus sur nos solutions de mobilit\u00e9 \u00e9lectrique ? N'h\u00e9sitez pas \u00e0 contacter E-Smartmobility.","robots":{"index":"index","follow":"follow","max-snippet":"max-snippet:-1","max-image-preview":"max-image-preview:large","max-video-preview":"max-video-preview:-1"},"canonical":"https:\/\/e-smartmobility.nl\/fr\/contact\/","og_locale":"fr_FR","og_type":"article","og_title":"Contactez E-Smartmobility pour des solutions de mobilit\u00e9 \u00e9lectrique","og_description":"Vous avez des questions ou souhaitez en savoir plus sur nos solutions de mobilit\u00e9 \u00e9lectrique ? N'h\u00e9sitez pas \u00e0 contacter E-Smartmobility.","og_url":"https:\/\/e-smartmobility.nl\/fr\/contact\/","og_site_name":"E-Smartmobility","article_modified_time":"2025-12-19T06:24:47+00:00","og_image":[{"width":600,"height":648,"url":"https:\/\/e-smartmobility.nl\/wp-content\/uploads\/2024\/02\/esmartmobility_logo_1.png","type":"image\/png"}],"twitter_card":"summary_large_image","twitter_misc":{"Dur\u00e9e de lecture est.":"1 minute"},"schema":{"@context":"https:\/\/schema.org","@graph":[{"@type":"WebPage","@id":"https:\/\/e-smartmobility.nl\/fr\/contact\/","url":"https:\/\/e-smartmobility.nl\/fr\/contact\/","name":"Contactez E-Smartmobility pour des solutions de mobilit\u00e9 \u00e9lectrique","isPartOf":{"@id":"https:\/\/e-smartmobility.nl\/fr\/#website"},"datePublished":"2024-02-21T18:01:14+00:00","dateModified":"2025-12-19T06:24:47+00:00","description":"Vous avez des questions ou souhaitez en savoir plus sur nos solutions de mobilit\u00e9 \u00e9lectrique ? N'h\u00e9sitez pas \u00e0 contacter E-Smartmobility.","breadcrumb":{"@id":"https:\/\/e-smartmobility.nl\/fr\/contact\/#breadcrumb"},"inLanguage":"fr-BE","potentialAction":[{"@type":"ReadAction","target":["https:\/\/e-smartmobility.nl\/fr\/contact\/"]}]},{"@type":"BreadcrumbList","@id":"https:\/\/e-smartmobility.nl\/fr\/contact\/#breadcrumb","itemListElement":[{"@type":"ListItem","position":1,"name":"Home","item":"https:\/\/e-smartmobility.nl\/fr\/"},{"@type":"ListItem","position":2,"name":"Contact"}]},{"@type":"WebSite","@id":"https:\/\/e-smartmobility.nl\/fr\/#website","url":"https:\/\/e-smartmobility.nl\/fr\/","name":"E-Smartmobility","description":"","publisher":{"@id":"https:\/\/e-smartmobility.nl\/fr\/#organization"},"potentialAction":[{"@type":"SearchAction","target":{"@type":"EntryPoint","urlTemplate":"https:\/\/e-smartmobility.nl\/fr\/?s={search_term_string}"},"query-input":{"@type":"PropertyValueSpecification","valueRequired":true,"valueName":"search_term_string"}}],"inLanguage":"fr-BE"},{"@type":"Organization","@id":"https:\/\/e-smartmobility.nl\/fr\/#organization","name":"E-Smartmobility","url":"https:\/\/e-smartmobility.nl\/fr\/","logo":{"@type":"ImageObject","inLanguage":"fr-BE","@id":"https:\/\/e-smartmobility.nl\/fr\/#\/schema\/logo\/image\/","url":"https:\/\/e-smartmobility.nl\/wp-content\/uploads\/2024\/02\/esmartmobility_logo_1.png","contentUrl":"https:\/\/e-smartmobility.nl\/wp-content\/uploads\/2024\/02\/esmartmobility_logo_1.png","width":600,"height":648,"caption":"E-Smartmobility"},"image":{"@id":"https:\/\/e-smartmobility.nl\/fr\/#\/schema\/logo\/image\/"}}]}},"_links":{"self":[{"href":"https:\/\/e-smartmobility.nl\/fr\/wp-json\/wp\/v2\/pages\/602","targetHints":{"allow":["GET"]}}],"collection":[{"href":"https:\/\/e-smartmobility.nl\/fr\/wp-json\/wp\/v2\/pages"}],"about":[{"href":"https:\/\/e-smartmobility.nl\/fr\/wp-json\/wp\/v2\/types\/page"}],"author":[{"embeddable":true,"href":"https:\/\/e-smartmobility.nl\/fr\/wp-json\/wp\/v2\/users\/1"}],"replies":[{"embeddable":true,"href":"https:\/\/e-smartmobility.nl\/fr\/wp-json\/wp\/v2\/comments?post=602"}],"version-history":[{"count":13,"href":"https:\/\/e-smartmobility.nl\/fr\/wp-json\/wp\/v2\/pages\/602\/revisions"}],"predecessor-version":[{"id":1019,"href":"https:\/\/e-smartmobility.nl\/fr\/wp-json\/wp\/v2\/pages\/602\/revisions\/1019"}],"wp:attachment":[{"href":"https:\/\/e-smartmobility.nl\/fr\/wp-json\/wp\/v2\/media?parent=602"}],"curies":[{"name":"wp","href":"https:\/\/api.w.org\/{rel}","templated":true}]}}