{"id":659,"date":"2024-02-21T18:00:25","date_gmt":"2024-02-21T18:00:25","guid":{"rendered":"https:\/\/e-smartmobility.nl\/transport\/"},"modified":"2024-02-29T06:02:34","modified_gmt":"2024-02-29T06:02:34","slug":"transport","status":"publish","type":"page","link":"https:\/\/e-smartmobility.nl\/de\/transport\/","title":{"rendered":"Transport"},"content":{"rendered":"\t\t<div data-elementor-type=\"wp-page\" data-elementor-id=\"659\" class=\"elementor elementor-659 elementor-20\" data-elementor-post-type=\"page\">\n\t\t\t\t<div class=\"elementor-element elementor-element-e5dfcd6 e-flex e-con-boxed e-con e-parent\" data-id=\"e5dfcd6\" data-element_type=\"container\" data-e-type=\"container\" data-settings=\"{&quot;background_background&quot;:&quot;classic&quot;}\">\n\t\t\t\t\t<div class=\"e-con-inner\">\n\t\t\t\t\t<\/div>\n\t\t\t\t<\/div>\n\t\t<div class=\"elementor-element elementor-element-5be8177 e-flex e-con-boxed e-con e-parent\" data-id=\"5be8177\" data-element_type=\"container\" data-e-type=\"container\">\n\t\t\t\t\t<div class=\"e-con-inner\">\n\t\t<div class=\"elementor-element elementor-element-b8d4528 e-con-full e-flex e-con e-child\" data-id=\"b8d4528\" data-element_type=\"container\" data-e-type=\"container\">\n\t\t\t\t<div class=\"elementor-element elementor-element-4f06d95 elementor-position-inline-start elementor-widget-mobile__width-initial elementor-view-stacked elementor-shape-circle elementor-mobile-position-block-start elementor-widget elementor-widget-icon-box\" data-id=\"4f06d95\" data-element_type=\"widget\" data-e-type=\"widget\" data-widget_type=\"icon-box.default\">\n\t\t\t\t<div class=\"elementor-widget-container\">\n\t\t\t\t\t\t\t<div class=\"elementor-icon-box-wrapper\">\n\n\t\t\t\t\t\t<div class=\"elementor-icon-box-icon\">\n\t\t\t\t<span  class=\"elementor-icon\">\n\t\t\t\t<svg xmlns=\"http:\/\/www.w3.org\/2000\/svg\" id=\"Laag_2\" data-name=\"Laag 2\" viewBox=\"0 0 762.17 1153.38\"><defs><style>      .cls-1 {        stroke-width: 0px;      }    <\/style><\/defs><g id=\"Laag_1-2\" data-name=\"Laag 1\"><g><path class=\"cls-1\" d=\"m364.45.02c-10.13.07-8.87-1.21-8.87,8.72-.02,377.88-.02,755.76-.02,1133.64q0,11,10.75,11,8.35,0,8.35-8.14c0-189.43,0-378.87,0-568.3V10.42c0-10.41,0-10.46-10.22-10.4Z\"><\/path><path class=\"cls-1\" d=\"m48.84,395.69c4.08-29.1,6.72-41.1,16.21-68.98,1.21-3.54,3.4-4.56,6.55-6.69,14.69-5.65,27.9-11.51,40.34-15.3,65.76-20.01,133-30.78,201.77-31.76,13.41-.19,13.22-.11,13.4-13.24.06-4.57,1.22-19.55-5.89-19.47-27.04.07-53.94,1.83-80.8,4.91-41.95,4.81-83.16,13.21-123.71,24.87-11.82,3.4-23.56,7.08-36.38,10.95,14.3-29.41,33.11-53.41,59.87-70.71,35.48-22.94,75.54-30.66,116.63-34.68,21.79-2.13,43.67-2.92,65.57-2.56,3.68.06,4.76-1.2,4.68-4.77-.2-9.47-.36-18.96.05-28.41.22-4.97-1.65-5.85-6.09-5.75-16.55.37-33.08,1.05-49.61,2.09-32.13,2.01-63.8,6.53-94.77,15.56-62.86,18.32-107.96,56.87-134.46,117.02-17.57,39.87-26.42,81.98-32.28,124.81C3.6,439.71,1.37,486.16.44,532.66c-.77,38.27-.62,76.55,1.2,114.8.9,18.89,1.99,37.79,3.64,56.62,2.99,33.92,6.75,67.76,12.68,101.32,4.8,27.15,9.92,54.23,19.78,80.13,5.55,14.58,10.54,17.94,26.1,17.94,53.28,0,106.57,0,159.85,0,32.37,0,64.73-.09,97.1.1,4.93.03,6.54-1.44,6.33-6.38-.36-8.47-.48-16.99.03-25.45.34-5.72-1.34-7.2-7.11-7.18-80.91.2-161.83.09-242.74.26-4.79,0-6.99-1.3-8.26-5.95-4.46-16.34-8.29-32.81-11.31-49.48-6.44-35.47-10.98-71.18-13.71-107.13-1.05-13.74-2.5-27.47-3.02-41.24-.67-17.9-2.3-35.79-1.53-54.35,11.46,4.26,22.11,8.35,32.85,12.17,49.68,17.7,100.69,30.02,152.92,37.3,30.47,4.25,61.15,6.01,91.87,6.9,12.08.35,9.63,1.26,9.91-9.35.05-1.78-.18-3.58.04-5.32.5-3.98-1.27-4.97-5.04-5.01-13.21-.11-26.4-.27-39.61-1.02-26.58-1.51-52.99-4.5-79.19-8.94-54.95-9.31-108.18-24.77-159.82-45.76-4.1-1.67-5.11-3.92-5.08-7.96.17-27.02.97-54.01,1.9-81.01,1.19-34.49,3.86-68.82,8.65-102.99Z\"><\/path><path class=\"cls-1\" d=\"m185.87,922.46c-16.96.39-33.94.14-50.91.14s-34.73.18-52.09-.12c-4.84-.08-6.17,1.5-5.82,6.04.35,4.51,0,9.07.1,13.61.23,10.33,8.12,18.47,18.41,18.52,26.05.13,52.09.13,78.14,0,10.32-.05,18.19-8.13,18.44-18.48.1-4.34-.29-8.71.12-13.01.48-5.04-.94-6.82-6.39-6.69Z\"><\/path><path class=\"cls-1\" d=\"m134.63,722.37c-.1-11.79-7.73-20.22-18.45-20.56-11.36-.36-19.92,7.33-20.18,19.34-.41,19.13-.41,38.28,0,57.41.25,11.42,9.27,19.59,19.87,19.22,10.86-.38,18.63-8.74,18.75-20.36.1-9.07.02-18.15.02-27.23,0-9.27.07-18.55-.02-27.82Z\"><\/path><path class=\"cls-1\" d=\"m594.64,777.42c.13,11.62,7.9,19.98,18.75,20.36,10.59.37,19.61-7.8,19.87-19.22.42-19.13.42-38.28,0-57.41-.26-12.01-8.83-19.7-20.18-19.34-10.72.34-18.34,8.77-18.45,20.56-.08,9.27-.02,18.55-.02,27.82,0,9.08-.08,18.15.02,27.23Z\"><\/path><path class=\"cls-1\" d=\"m690.66,498.68c.93,27,1.73,53.99,1.9,81.01.03,4.04-.98,6.29-5.08,7.96-51.64,20.99-104.88,36.45-159.82,45.76-26.2,4.44-52.61,7.43-79.19,8.94-13.21.75-26.41.91-39.61,1.02-3.77.03-5.54,1.02-5.04,5.01.22,1.75,0,3.55.04,5.32.28,10.62-2.17,9.7,9.91,9.35,30.72-.89,61.4-2.65,91.87-6.9,52.22-7.28,103.23-19.6,152.92-37.3,10.74-3.83,21.38-7.92,32.85-12.17.77,18.56-.86,36.45-1.53,54.35-.51,13.76-1.97,27.49-3.02,41.24-2.73,35.94-7.27,71.66-13.71,107.13-3.02,16.67-6.85,33.14-11.31,49.48-1.27,4.65-3.48,5.96-8.26,5.95-80.91-.17-161.83-.05-242.74-.26-5.77-.01-7.45,1.47-7.11,7.18.51,8.46.4,16.98.03,25.45-.21,4.93,1.4,6.41,6.33,6.38,32.36-.19,64.73-.1,97.1-.1,53.28,0,106.57,0,159.85,0,15.56,0,20.55-3.35,26.1-17.94,9.85-25.9,14.98-52.98,19.78-80.13,5.93-33.56,9.69-67.4,12.68-101.32,1.66-18.84,2.75-37.73,3.64-56.62,1.81-38.24,1.96-76.53,1.2-114.8-.93-46.5-3.16-92.96-9.47-139.09-1.53-11.22-3.28-22.38-5.33-33.47l-30.23,62.95c2.72,25.12,4.39,50.33,5.27,75.62Z\"><\/path><path class=\"cls-1\" d=\"m490.44,245.17c-26.86-3.08-53.76-4.84-80.8-4.91-7.11-.09-5.95,14.9-5.89,19.47.18,13.13,0,13.05,13.4,13.24,37.49.53,74.52,4,111.11,10.26l6.22-31.65c-14.59-2.57-29.27-4.72-44.05-6.41Z\"><\/path><path class=\"cls-1\" d=\"m459.44,136.2c-16.53-1.04-33.06-1.72-49.61-2.09-4.44-.1-6.31.78-6.09,5.75.42,9.45.25,18.94.05,28.41-.08,3.57,1,4.83,4.68,4.77,21.9-.36,43.78.43,65.57,2.56,24.85,2.43,49.33,6.23,72.64,13.91l7.42-37.79c-30.94-9-62.57-13.52-94.66-15.53Z\"><\/path><path class=\"cls-1\" d=\"m647.98,922.48c-17.36.3-34.73.12-52.09.12s-33.94.24-50.91-.14c-5.45-.12-6.87,1.65-6.39,6.69.41,4.3.01,8.68.12,13.01.25,10.35,8.12,18.43,18.44,18.48,26.05.13,52.09.13,78.14,0,10.29-.05,18.18-8.18,18.41-18.52.1-4.54-.25-9.1.1-13.61.35-4.54-.98-6.12-5.82-6.04Z\"><\/path><polygon class=\"cls-1\" points=\"662.81 224.32 644.51 226.89 649.73 208.74 683.89 89.87 589.53 89.87 575.91 159.17 568.29 198 556.91 255.88 550.71 287.44 545.55 313.76 615.86 303.82 646.71 299.46 643.8 313.89 593.92 560.82 679.94 381.66 707.64 323.96 762.17 210.39 662.81 224.32\"><\/polygon><\/g><\/g><\/svg>\t\t\t\t<\/span>\n\t\t\t<\/div>\n\t\t\t\n\t\t\t\n\t\t<\/div>\n\t\t\t\t\t\t<\/div>\n\t\t\t\t<\/div>\n\t\t\t\t<div class=\"elementor-element elementor-element-10e211c elementor-widget__width-inherit elementor-widget-mobile__width-initial elementor-widget elementor-widget-heading\" data-id=\"10e211c\" data-element_type=\"widget\" data-e-type=\"widget\" data-widget_type=\"heading.default\">\n\t\t\t\t<div class=\"elementor-widget-container\">\n\t\t\t\t\t<h2 class=\"elementor-heading-title elementor-size-default\">Nachhaltiger Transport in Europa<\/h2>\t\t\t\t<\/div>\n\t\t\t\t<\/div>\n\t\t\t\t<div class=\"elementor-element elementor-element-81ac31b elementor-widget elementor-widget-text-editor\" data-id=\"81ac31b\" data-element_type=\"widget\" data-e-type=\"widget\" data-widget_type=\"text-editor.default\">\n\t\t\t\t<div class=\"elementor-widget-container\">\n\t\t\t\t\t\t\t\t\t<p><strong>Mit unserem einzigartigen Transportnetz, sowohl auf dem Land- als auch auf dem Seeweg, k\u00f6nnen wir Ihre neuen oder gebrauchten Elektro-Shuttlebusse schnell und effizient in ganz Europa ausliefern. <\/strong><\/p>\n<p>Von den H\u00e4fen Antwerpen und Rotterdam aus sorgen unsere Logistikexperten daf\u00fcr, dass Ihre Elektro-Shuttlebusse innerhalb k\u00fcrzester Zeit vor Ort sind, egal ob in <strong>Malta, Zypern, Kroatien, Deutschland, Frankreich, Spanien oder auf den Balearen.<\/strong><\/p>\n\t\t\t\t\t\t\t\t<\/div>\n\t\t\t\t<\/div>\n\t\t\t\t<div class=\"elementor-element elementor-element-daf8249 elementor-align-left elementor-mobile-align-center elementor-widget elementor-widget-button\" data-id=\"daf8249\" data-element_type=\"widget\" data-e-type=\"widget\" data-widget_type=\"button.default\">\n\t\t\t\t<div class=\"elementor-widget-container\">\n\t\t\t\t\t\t\t\t\t<div class=\"elementor-button-wrapper\">\n\t\t\t\t\t<a class=\"elementor-button elementor-button-link elementor-size-md\" href=\"https:\/\/e-smartmobility.nl\/contact\/\">\n\t\t\t\t\t\t<span class=\"elementor-button-content-wrapper\">\n\t\t\t\t\t\t\t\t\t<span class=\"elementor-button-text\">Kontaktieren Sie uns<\/span>\n\t\t\t\t\t<\/span>\n\t\t\t\t\t<\/a>\n\t\t\t\t<\/div>\n\t\t\t\t\t\t\t\t<\/div>\n\t\t\t\t<\/div>\n\t\t\t\t<\/div>\n\t\t<div class=\"elementor-element elementor-element-fd670b4 e-con-full e-flex e-con e-child\" data-id=\"fd670b4\" data-element_type=\"container\" data-e-type=\"container\">\n\t\t\t\t<div class=\"elementor-element elementor-element-33e7a82 elementor-widget elementor-widget-image\" data-id=\"33e7a82\" data-element_type=\"widget\" data-e-type=\"widget\" data-widget_type=\"image.default\">\n\t\t\t\t<div class=\"elementor-widget-container\">\n\t\t\t\t\t\t\t\t\t\t\t\t\t\t\t<img fetchpriority=\"high\" decoding=\"async\" width=\"800\" height=\"667\" src=\"https:\/\/e-smartmobility.nl\/wp-content\/uploads\/2024\/02\/E-SMARTMOBILITY-25.jpg\" class=\"attachment-large size-large wp-image-662\" alt=\"\" srcset=\"https:\/\/e-smartmobility.nl\/wp-content\/uploads\/2024\/02\/E-SMARTMOBILITY-25.jpg 900w, https:\/\/e-smartmobility.nl\/wp-content\/uploads\/2024\/02\/E-SMARTMOBILITY-25-300x250.jpg 300w, https:\/\/e-smartmobility.nl\/wp-content\/uploads\/2024\/02\/E-SMARTMOBILITY-25-768x640.jpg 768w\" sizes=\"(max-width: 800px) 100vw, 800px\" \/>\t\t\t\t\t\t\t\t\t\t\t\t\t\t\t<\/div>\n\t\t\t\t<\/div>\n\t\t\t\t<\/div>\n\t\t\t\t\t<\/div>\n\t\t\t\t<\/div>\n\t\t<div class=\"elementor-element elementor-element-5f9cc8c e-flex e-con-boxed e-con e-parent\" data-id=\"5f9cc8c\" data-element_type=\"container\" data-e-type=\"container\" data-settings=\"{&quot;background_background&quot;:&quot;classic&quot;}\">\n\t\t\t\t\t<div class=\"e-con-inner\">\n\t\t<div class=\"elementor-element elementor-element-76961ce e-con-full e-flex e-con e-child\" data-id=\"76961ce\" data-element_type=\"container\" data-e-type=\"container\">\n\t\t\t\t<div class=\"elementor-element elementor-element-d385fe6 elementor-widget elementor-widget-image\" data-id=\"d385fe6\" data-element_type=\"widget\" data-e-type=\"widget\" data-widget_type=\"image.default\">\n\t\t\t\t<div class=\"elementor-widget-container\">\n\t\t\t\t\t\t\t\t\t\t\t\t\t\t\t<img decoding=\"async\" width=\"800\" height=\"640\" src=\"https:\/\/e-smartmobility.nl\/wp-content\/uploads\/2024\/02\/E-SMARTMOBILITY-16b-1024x819.jpg\" class=\"attachment-large size-large wp-image-666\" alt=\"\" srcset=\"https:\/\/e-smartmobility.nl\/wp-content\/uploads\/2024\/02\/E-SMARTMOBILITY-16b-1024x819.jpg 1024w, https:\/\/e-smartmobility.nl\/wp-content\/uploads\/2024\/02\/E-SMARTMOBILITY-16b-300x240.jpg 300w, https:\/\/e-smartmobility.nl\/wp-content\/uploads\/2024\/02\/E-SMARTMOBILITY-16b-768x614.jpg 768w, https:\/\/e-smartmobility.nl\/wp-content\/uploads\/2024\/02\/E-SMARTMOBILITY-16b.jpg 1500w\" sizes=\"(max-width: 800px) 100vw, 800px\" \/>\t\t\t\t\t\t\t\t\t\t\t\t\t\t\t<\/div>\n\t\t\t\t<\/div>\n\t\t\t\t<\/div>\n\t\t<div class=\"elementor-element elementor-element-3efc941 e-con-full e-flex e-con e-child\" data-id=\"3efc941\" data-element_type=\"container\" data-e-type=\"container\">\n\t\t\t\t<div class=\"elementor-element elementor-element-d6b7dd5 elementor-widget__width-inherit elementor-widget elementor-widget-heading\" data-id=\"d6b7dd5\" data-element_type=\"widget\" data-e-type=\"widget\" data-widget_type=\"heading.default\">\n\t\t\t\t<div class=\"elementor-widget-container\">\n\t\t\t\t\t<h2 class=\"elementor-heading-title elementor-size-default\">Garantierte Lieferung<\/h2>\t\t\t\t<\/div>\n\t\t\t\t<\/div>\n\t\t\t\t<div class=\"elementor-element elementor-element-e8d2726 elementor-widget elementor-widget-text-editor\" data-id=\"e8d2726\" data-element_type=\"widget\" data-e-type=\"widget\" data-widget_type=\"text-editor.default\">\n\t\t\t\t<div class=\"elementor-widget-container\">\n\t\t\t\t\t\t\t\t\t<p><strong>Mit mehr als 8000 Anh\u00e4ngern<\/strong> und 5000 Containereinheiten setzen wir alles daran, dass Ihre Elektro-Shuttlebusse schnell und sicher am Zielort ankommen. Mit einer maximalen Lieferzeit von 14 Arbeitstagen f\u00fcr entfernte Ziele und nur <strong>7 Arbeitstagen<\/strong> f\u00fcr nahe gelegene L\u00e4nder k\u00f6nnen Sie immer mit einer p\u00fcnktlichen Lieferung Ihrer Fahrzeuge rechnen.<\/p>\n<p>Wir von E-Smartmobility streben nach <strong>Kundenzufriedenheit <\/strong>und wollen Ihr Partner in Sachen Elektromobilit\u00e4t sein. Setzen Sie sich noch heute mit uns <strong>in Verbindung<\/strong>, um zu besprechen, wie wir Ihnen bei Ihrem Bedarf an elektrischen Shuttlebussen helfen k\u00f6nnen.<\/p>\n\t\t\t\t\t\t\t\t<\/div>\n\t\t\t\t<\/div>\n\t\t\t\t<div class=\"elementor-element elementor-element-df000dc elementor-align-left elementor-mobile-align-center elementor-widget elementor-widget-button\" data-id=\"df000dc\" data-element_type=\"widget\" data-e-type=\"widget\" data-widget_type=\"button.default\">\n\t\t\t\t<div class=\"elementor-widget-container\">\n\t\t\t\t\t\t\t\t\t<div class=\"elementor-button-wrapper\">\n\t\t\t\t\t<a class=\"elementor-button elementor-button-link elementor-size-md\" href=\"https:\/\/e-smartmobility.nl\/contact\/\">\n\t\t\t\t\t\t<span class=\"elementor-button-content-wrapper\">\n\t\t\t\t\t\t\t\t\t<span class=\"elementor-button-text\">Kontaktieren Sie uns<\/span>\n\t\t\t\t\t<\/span>\n\t\t\t\t\t<\/a>\n\t\t\t\t<\/div>\n\t\t\t\t\t\t\t\t<\/div>\n\t\t\t\t<\/div>\n\t\t\t\t<\/div>\n\t\t\t\t\t<\/div>\n\t\t\t\t<\/div>\n\t\t<div class=\"elementor-element elementor-element-c173ce2 e-flex e-con-boxed e-con e-parent\" data-id=\"c173ce2\" data-element_type=\"container\" data-e-type=\"container\" data-settings=\"{&quot;background_background&quot;:&quot;classic&quot;}\">\n\t\t\t\t\t<div class=\"e-con-inner\">\n\t\t\t\t<div class=\"elementor-element elementor-element-789113e elementor-widget elementor-widget-heading\" data-id=\"789113e\" data-element_type=\"widget\" data-e-type=\"widget\" data-widget_type=\"heading.default\">\n\t\t\t\t<div class=\"elementor-widget-container\">\n\t\t\t\t\t<p class=\"elementor-heading-title elementor-size-default\">Personalisierung <span style=\"font-weight:600\">Mobilit\u00e4t<\/span><\/p>\t\t\t\t<\/div>\n\t\t\t\t<\/div>\n\t\t\t\t<div class=\"elementor-element elementor-element-024df17 elementor-widget elementor-widget-heading\" data-id=\"024df17\" data-element_type=\"widget\" data-e-type=\"widget\" data-widget_type=\"heading.default\">\n\t\t\t\t<div class=\"elementor-widget-container\">\n\t\t\t\t\t<h2 class=\"elementor-heading-title elementor-size-default\">Wir von E-Smartmobility streben nach Kundenzufriedenheit und wollen Ihr Partner in Sachen Elektromobilit\u00e4t sein.<\/h2>\t\t\t\t<\/div>\n\t\t\t\t<\/div>\n\t\t\t\t<div class=\"elementor-element elementor-element-fc55575 elementor-widget__width-initial elementor-widget elementor-widget-text-editor\" data-id=\"fc55575\" data-element_type=\"widget\" data-e-type=\"widget\" data-widget_type=\"text-editor.default\">\n\t\t\t\t<div class=\"elementor-widget-container\">\n\t\t\t\t\t\t\t\t\t<p>Setzen Sie sich noch heute mit uns in <a href=\"\/de\/kontakt\">Verbindung<\/a>, um zu besprechen, wie wir Sie bei Ihren Anforderungen an einen elektrischen Shuttlebus unterst\u00fctzen k\u00f6nnen.<\/p>\n\t\t\t\t\t\t\t\t<\/div>\n\t\t\t\t<\/div>\n\t\t\t\t<div class=\"elementor-element elementor-element-399c274 elementor-align-center elementor-widget elementor-widget-button\" data-id=\"399c274\" data-element_type=\"widget\" data-e-type=\"widget\" data-widget_type=\"button.default\">\n\t\t\t\t<div class=\"elementor-widget-container\">\n\t\t\t\t\t\t\t\t\t<div class=\"elementor-button-wrapper\">\n\t\t\t\t\t<a class=\"elementor-button elementor-button-link elementor-size-md\" href=\"https:\/\/e-smartmobility.nl\/contact\/\">\n\t\t\t\t\t\t<span class=\"elementor-button-content-wrapper\">\n\t\t\t\t\t\t\t\t\t<span class=\"elementor-button-text\">Kontakt aufnehmen<\/span>\n\t\t\t\t\t<\/span>\n\t\t\t\t\t<\/a>\n\t\t\t\t<\/div>\n\t\t\t\t\t\t\t\t<\/div>\n\t\t\t\t<\/div>\n\t\t\t\t\t<\/div>\n\t\t\t\t<\/div>\n\t\t\t\t<\/div>\n\t\t","protected":false},"excerpt":{"rendered":"<p>Nachhaltiger Transport in Europa Mit unserem einzigartigen Transportnetz, sowohl auf dem Land- als auch auf dem Seeweg, k\u00f6nnen wir Ihre neuen oder gebrauchten Elektro-Shuttlebusse schnell und effizient in ganz Europa ausliefern. Von den H\u00e4fen Antwerpen und Rotterdam aus sorgen unsere Logistikexperten daf\u00fcr, dass Ihre Elektro-Shuttlebusse innerhalb k\u00fcrzester Zeit vor Ort sind, egal ob in Malta, [&hellip;]<\/p>\n","protected":false},"author":1,"featured_media":0,"parent":0,"menu_order":0,"comment_status":"closed","ping_status":"closed","template":"","meta":{"footnotes":""},"class_list":["post-659","page","type-page","status-publish","hentry"],"yoast_head":"<!-- This site is optimized with the Yoast SEO plugin v27.0 - https:\/\/yoast.com\/product\/yoast-seo-wordpress\/ -->\n<title>Effizienter Transport von elektrischen Shuttlebussen in ganz Europa<\/title>\n<meta name=\"description\" content=\"Entdecken Sie unser einzigartiges Transportnetz bei E-Smartmobility, \u00fcber das wir schnell und effizient neue oder gebrauchte Elektro-Shuttlebusse in ganz Europa liefern.\" \/>\n<meta name=\"robots\" content=\"index, follow, max-snippet:-1, max-image-preview:large, max-video-preview:-1\" \/>\n<link rel=\"canonical\" href=\"https:\/\/e-smartmobility.nl\/de\/transport\/\" \/>\n<meta property=\"og:locale\" content=\"de_DE\" \/>\n<meta property=\"og:type\" content=\"article\" \/>\n<meta property=\"og:title\" content=\"Effizienter Transport von elektrischen Shuttlebussen in ganz Europa\" \/>\n<meta property=\"og:description\" content=\"Entdecken Sie unser einzigartiges Transportnetz bei E-Smartmobility, \u00fcber das wir schnell und effizient neue oder gebrauchte Elektro-Shuttlebusse in ganz Europa liefern.\" \/>\n<meta property=\"og:url\" content=\"https:\/\/e-smartmobility.nl\/de\/transport\/\" \/>\n<meta property=\"og:site_name\" content=\"E-Smartmobility\" \/>\n<meta property=\"article:modified_time\" content=\"2024-02-29T06:02:34+00:00\" \/>\n<meta property=\"og:image\" content=\"https:\/\/e-smartmobility.nl\/wp-content\/uploads\/2024\/02\/E-SMARTMOBILITY-25.jpg\" \/>\n<meta name=\"twitter:card\" content=\"summary_large_image\" \/>\n<meta name=\"twitter:label1\" content=\"Gesch\u00e4tzte Lesezeit\" \/>\n\t<meta name=\"twitter:data1\" content=\"1\u00a0Minute\" \/>\n<script type=\"application\/ld+json\" class=\"yoast-schema-graph\">{\"@context\":\"https:\/\/schema.org\",\"@graph\":[{\"@type\":\"WebPage\",\"@id\":\"https:\/\/e-smartmobility.nl\/de\/transport\/\",\"url\":\"https:\/\/e-smartmobility.nl\/de\/transport\/\",\"name\":\"Effizienter Transport von elektrischen Shuttlebussen in ganz Europa\",\"isPartOf\":{\"@id\":\"https:\/\/e-smartmobility.nl\/de\/#website\"},\"primaryImageOfPage\":{\"@id\":\"https:\/\/e-smartmobility.nl\/de\/transport\/#primaryimage\"},\"image\":{\"@id\":\"https:\/\/e-smartmobility.nl\/de\/transport\/#primaryimage\"},\"thumbnailUrl\":\"https:\/\/e-smartmobility.nl\/wp-content\/uploads\/2024\/02\/E-SMARTMOBILITY-25.jpg\",\"datePublished\":\"2024-02-21T18:00:25+00:00\",\"dateModified\":\"2024-02-29T06:02:34+00:00\",\"description\":\"Entdecken Sie unser einzigartiges Transportnetz bei E-Smartmobility, \u00fcber das wir schnell und effizient neue oder gebrauchte Elektro-Shuttlebusse in ganz Europa liefern.\",\"breadcrumb\":{\"@id\":\"https:\/\/e-smartmobility.nl\/de\/transport\/#breadcrumb\"},\"inLanguage\":\"de\",\"potentialAction\":[{\"@type\":\"ReadAction\",\"target\":[\"https:\/\/e-smartmobility.nl\/de\/transport\/\"]}]},{\"@type\":\"ImageObject\",\"inLanguage\":\"de\",\"@id\":\"https:\/\/e-smartmobility.nl\/de\/transport\/#primaryimage\",\"url\":\"https:\/\/e-smartmobility.nl\/wp-content\/uploads\/2024\/02\/E-SMARTMOBILITY-25.jpg\",\"contentUrl\":\"https:\/\/e-smartmobility.nl\/wp-content\/uploads\/2024\/02\/E-SMARTMOBILITY-25.jpg\"},{\"@type\":\"BreadcrumbList\",\"@id\":\"https:\/\/e-smartmobility.nl\/de\/transport\/#breadcrumb\",\"itemListElement\":[{\"@type\":\"ListItem\",\"position\":1,\"name\":\"Home\",\"item\":\"https:\/\/e-smartmobility.nl\/de\/\"},{\"@type\":\"ListItem\",\"position\":2,\"name\":\"Transport\"}]},{\"@type\":\"WebSite\",\"@id\":\"https:\/\/e-smartmobility.nl\/de\/#website\",\"url\":\"https:\/\/e-smartmobility.nl\/de\/\",\"name\":\"E-Smartmobility\",\"description\":\"\",\"publisher\":{\"@id\":\"https:\/\/e-smartmobility.nl\/de\/#organization\"},\"potentialAction\":[{\"@type\":\"SearchAction\",\"target\":{\"@type\":\"EntryPoint\",\"urlTemplate\":\"https:\/\/e-smartmobility.nl\/de\/?s={search_term_string}\"},\"query-input\":{\"@type\":\"PropertyValueSpecification\",\"valueRequired\":true,\"valueName\":\"search_term_string\"}}],\"inLanguage\":\"de\"},{\"@type\":\"Organization\",\"@id\":\"https:\/\/e-smartmobility.nl\/de\/#organization\",\"name\":\"E-Smartmobility\",\"url\":\"https:\/\/e-smartmobility.nl\/de\/\",\"logo\":{\"@type\":\"ImageObject\",\"inLanguage\":\"de\",\"@id\":\"https:\/\/e-smartmobility.nl\/de\/#\/schema\/logo\/image\/\",\"url\":\"https:\/\/e-smartmobility.nl\/wp-content\/uploads\/2024\/02\/esmartmobility_logo_1.png\",\"contentUrl\":\"https:\/\/e-smartmobility.nl\/wp-content\/uploads\/2024\/02\/esmartmobility_logo_1.png\",\"width\":600,\"height\":648,\"caption\":\"E-Smartmobility\"},\"image\":{\"@id\":\"https:\/\/e-smartmobility.nl\/de\/#\/schema\/logo\/image\/\"}}]}<\/script>\n<!-- \/ Yoast SEO plugin. -->","yoast_head_json":{"title":"Effizienter Transport von elektrischen Shuttlebussen in ganz Europa","description":"Entdecken Sie unser einzigartiges Transportnetz bei E-Smartmobility, \u00fcber das wir schnell und effizient neue oder gebrauchte Elektro-Shuttlebusse in ganz Europa liefern.","robots":{"index":"index","follow":"follow","max-snippet":"max-snippet:-1","max-image-preview":"max-image-preview:large","max-video-preview":"max-video-preview:-1"},"canonical":"https:\/\/e-smartmobility.nl\/de\/transport\/","og_locale":"de_DE","og_type":"article","og_title":"Effizienter Transport von elektrischen Shuttlebussen in ganz Europa","og_description":"Entdecken Sie unser einzigartiges Transportnetz bei E-Smartmobility, \u00fcber das wir schnell und effizient neue oder gebrauchte Elektro-Shuttlebusse in ganz Europa liefern.","og_url":"https:\/\/e-smartmobility.nl\/de\/transport\/","og_site_name":"E-Smartmobility","article_modified_time":"2024-02-29T06:02:34+00:00","og_image":[{"url":"https:\/\/e-smartmobility.nl\/wp-content\/uploads\/2024\/02\/E-SMARTMOBILITY-25.jpg","type":"","width":"","height":""}],"twitter_card":"summary_large_image","twitter_misc":{"Gesch\u00e4tzte Lesezeit":"1\u00a0Minute"},"schema":{"@context":"https:\/\/schema.org","@graph":[{"@type":"WebPage","@id":"https:\/\/e-smartmobility.nl\/de\/transport\/","url":"https:\/\/e-smartmobility.nl\/de\/transport\/","name":"Effizienter Transport von elektrischen Shuttlebussen in ganz Europa","isPartOf":{"@id":"https:\/\/e-smartmobility.nl\/de\/#website"},"primaryImageOfPage":{"@id":"https:\/\/e-smartmobility.nl\/de\/transport\/#primaryimage"},"image":{"@id":"https:\/\/e-smartmobility.nl\/de\/transport\/#primaryimage"},"thumbnailUrl":"https:\/\/e-smartmobility.nl\/wp-content\/uploads\/2024\/02\/E-SMARTMOBILITY-25.jpg","datePublished":"2024-02-21T18:00:25+00:00","dateModified":"2024-02-29T06:02:34+00:00","description":"Entdecken Sie unser einzigartiges Transportnetz bei E-Smartmobility, \u00fcber das wir schnell und effizient neue oder gebrauchte Elektro-Shuttlebusse in ganz Europa liefern.","breadcrumb":{"@id":"https:\/\/e-smartmobility.nl\/de\/transport\/#breadcrumb"},"inLanguage":"de","potentialAction":[{"@type":"ReadAction","target":["https:\/\/e-smartmobility.nl\/de\/transport\/"]}]},{"@type":"ImageObject","inLanguage":"de","@id":"https:\/\/e-smartmobility.nl\/de\/transport\/#primaryimage","url":"https:\/\/e-smartmobility.nl\/wp-content\/uploads\/2024\/02\/E-SMARTMOBILITY-25.jpg","contentUrl":"https:\/\/e-smartmobility.nl\/wp-content\/uploads\/2024\/02\/E-SMARTMOBILITY-25.jpg"},{"@type":"BreadcrumbList","@id":"https:\/\/e-smartmobility.nl\/de\/transport\/#breadcrumb","itemListElement":[{"@type":"ListItem","position":1,"name":"Home","item":"https:\/\/e-smartmobility.nl\/de\/"},{"@type":"ListItem","position":2,"name":"Transport"}]},{"@type":"WebSite","@id":"https:\/\/e-smartmobility.nl\/de\/#website","url":"https:\/\/e-smartmobility.nl\/de\/","name":"E-Smartmobility","description":"","publisher":{"@id":"https:\/\/e-smartmobility.nl\/de\/#organization"},"potentialAction":[{"@type":"SearchAction","target":{"@type":"EntryPoint","urlTemplate":"https:\/\/e-smartmobility.nl\/de\/?s={search_term_string}"},"query-input":{"@type":"PropertyValueSpecification","valueRequired":true,"valueName":"search_term_string"}}],"inLanguage":"de"},{"@type":"Organization","@id":"https:\/\/e-smartmobility.nl\/de\/#organization","name":"E-Smartmobility","url":"https:\/\/e-smartmobility.nl\/de\/","logo":{"@type":"ImageObject","inLanguage":"de","@id":"https:\/\/e-smartmobility.nl\/de\/#\/schema\/logo\/image\/","url":"https:\/\/e-smartmobility.nl\/wp-content\/uploads\/2024\/02\/esmartmobility_logo_1.png","contentUrl":"https:\/\/e-smartmobility.nl\/wp-content\/uploads\/2024\/02\/esmartmobility_logo_1.png","width":600,"height":648,"caption":"E-Smartmobility"},"image":{"@id":"https:\/\/e-smartmobility.nl\/de\/#\/schema\/logo\/image\/"}}]}},"_links":{"self":[{"href":"https:\/\/e-smartmobility.nl\/de\/wp-json\/wp\/v2\/pages\/659","targetHints":{"allow":["GET"]}}],"collection":[{"href":"https:\/\/e-smartmobility.nl\/de\/wp-json\/wp\/v2\/pages"}],"about":[{"href":"https:\/\/e-smartmobility.nl\/de\/wp-json\/wp\/v2\/types\/page"}],"author":[{"embeddable":true,"href":"https:\/\/e-smartmobility.nl\/de\/wp-json\/wp\/v2\/users\/1"}],"replies":[{"embeddable":true,"href":"https:\/\/e-smartmobility.nl\/de\/wp-json\/wp\/v2\/comments?post=659"}],"version-history":[{"count":1,"href":"https:\/\/e-smartmobility.nl\/de\/wp-json\/wp\/v2\/pages\/659\/revisions"}],"predecessor-version":[{"id":667,"href":"https:\/\/e-smartmobility.nl\/de\/wp-json\/wp\/v2\/pages\/659\/revisions\/667"}],"wp:attachment":[{"href":"https:\/\/e-smartmobility.nl\/de\/wp-json\/wp\/v2\/media?parent=659"}],"curies":[{"name":"wp","href":"https:\/\/api.w.org\/{rel}","templated":true}]}}